{"id":5642,"date":"2021-06-03T02:40:18","date_gmt":"2021-06-03T05:40:18","guid":{"rendered":"https:\/\/recarga.blog.br\/?page_id=5642"},"modified":"2021-06-03T02:40:18","modified_gmt":"2021-06-03T05:40:18","slug":"politica-de-cookies","status":"publish","type":"page","link":"https:\/\/vtks.com.br\/es\/politica-de-cookies\/","title":{"rendered":"Pol\u00edtica de cookies"},"content":{"rendered":"<p class=\"deck\" style=\"text-align: justify;\"><strong>Introducci\u00f3n<\/strong><\/p>\n<p class=\"deck\" style=\"text-align: justify;\">Estamos comprometidos a proteger su privacidad. Nuestro objetivo es brindar servicios y productos confiables y l\u00edderes en la industria para que usted pueda concentrarse en crear relaciones significativas.<\/p>\n<p class=\"deck\" style=\"text-align: justify;\">Nuestro enfoque en materia de privacidad es brindarle informaci\u00f3n clara sobre nuestras pr\u00e1cticas de datos. Por este motivo intentamos mantener la terminolog\u00eda t\u00e9cnica y jur\u00eddica al m\u00ednimo.<\/p>\n<p class=\"deck\" style=\"text-align: justify;\">Esta Pol\u00edtica de Cookies explica qu\u00e9 son las cookies, qu\u00e9 tipos de cookies se colocan en su dispositivo cuando visita nuestro sitio web y c\u00f3mo las usamos.<\/p>\n<p class=\"deck\" style=\"text-align: justify;\">Esta Pol\u00edtica de cookies no aborda c\u00f3mo manejamos generalmente su informaci\u00f3n personal. Para obtener m\u00e1s informaci\u00f3n sobre c\u00f3mo procesamos su informaci\u00f3n personal, consulte nuestra <strong>Pol\u00edtica de privacidad<\/strong>\u00a0aqu\u00ed.<\/p>\n<h2 class=\"deck\" style=\"text-align: justify;\"><strong>\u00bfQu\u00e9 son las galletas?<\/strong><\/h2>\n<p class=\"deck\" style=\"text-align: justify;\">Las cookies son peque\u00f1os archivos de texto que se env\u00edan o se acceden desde su navegador web o desde la memoria de su dispositivo.<\/p>\n<p class=\"deck\" style=\"text-align: justify;\">Una cookie generalmente contiene el nombre del dominio (ubicaci\u00f3n de Internet) desde el cual se origin\u00f3 la cookie, la \u201cvida \u00fatil\u201d de la cookie (por ejemplo, cu\u00e1ndo caducar\u00e1) y un n\u00famero \u00fanico generado aleatoriamente o un identificador id\u00e9ntico.<\/p>\n<p class=\"deck\" style=\"text-align: justify;\">Una cookie tambi\u00e9n puede contener informaci\u00f3n sobre su dispositivo, como configuraci\u00f3n de usuario, historial de navegaci\u00f3n y actividades realizadas mientras utiliza nuestros servicios.<\/p>\n<h3 class=\"deck\" style=\"text-align: justify;\"><strong>\u00bfExisten diferentes tipos de cookies?<\/strong><\/h3>\n<p class=\"deck\" style=\"text-align: justify;\"><em>Cookies propias y cookies de terceros<\/em><\/p>\n<p class=\"deck\" style=\"text-align: justify;\">Existen cookies propias y cookies de terceros. Nosotros colocamos las cookies de origen directamente en su dispositivo.<\/p>\n<p class=\"deck\" style=\"text-align: justify;\">Por ejemplo, utilizamos cookies de origen para adaptar nuestro sitio web a las preferencias de idioma de su navegador y comprender mejor su uso de nuestro sitio web.<\/p>\n<p class=\"deck\" style=\"text-align: justify;\">Nuestros proveedores de servicios y socios colocan cookies de terceros en su dispositivo. Por ejemplo, utilizamos cookies de terceros para medir la cantidad de usuarios en nuestro sitio web o para permitirle compartir contenido a trav\u00e9s de otras plataformas de redes sociales.<\/p>\n<h3 class=\"deck\" style=\"text-align: justify;\"><em>Cookies de sesi\u00f3n y cookies permanentes<\/em><\/h3>\n<p class=\"deck\" style=\"text-align: justify;\">Existen cookies de sesi\u00f3n y cookies permanentes. Las cookies de sesi\u00f3n solo duran hasta que cierra su navegador.<\/p>\n<p class=\"deck\" style=\"text-align: justify;\">Utilizamos cookies de sesi\u00f3n por diversos motivos, incluso para obtener m\u00e1s informaci\u00f3n sobre su uso de nuestro sitio web durante una \u00fanica sesi\u00f3n de navegaci\u00f3n y para ayudarle a utilizar nuestro sitio web de manera m\u00e1s eficiente.<\/p>\n<p class=\"deck\" style=\"text-align: justify;\">Las cookies permanentes tienen una vida \u00fatil m\u00e1s larga y no se eliminan autom\u00e1ticamente cuando cierra el navegador. Este tipo de cookies se utilizan principalmente para ayudarle a volver a iniciar sesi\u00f3n en nuestro sitio web r\u00e1pidamente y con fines anal\u00edticos.<\/p>\n<h3 class=\"deck\" style=\"text-align: justify;\">\u00bfQu\u00e9 pasa con otras tecnolog\u00edas de seguimiento, como las balizas web?<\/h3>\n<p class=\"deck\" style=\"text-align: justify;\">Otras tecnolog\u00edas, como las balizas web (tambi\u00e9n llamadas etiquetas de p\u00edxeles o gifs transparentes), URL de seguimiento u otros kits de desarrollo de software (SDK), se utilizan para fines similares.<\/p>\n<p class=\"deck\" style=\"text-align: justify;\">Las balizas web son peque\u00f1os archivos gr\u00e1ficos que contienen un identificador \u00fanico que nos permite reconocer cuando alguien ha visitado nuestro servicio o ha abierto un correo electr\u00f3nico enviado por nosotros.<\/p>\n<p class=\"deck\" style=\"text-align: justify;\">Las URL de seguimiento son enlaces generados de forma personalizada que nos ayudan a comprender de d\u00f3nde proviene el tr\u00e1fico que llega a nuestras p\u00e1ginas web. Los SDK son peque\u00f1os fragmentos de c\u00f3digo incluidos en aplicaciones que funcionan como cookies y balizas web.<\/p>\n<p class=\"deck\" style=\"text-align: justify;\">Para simplificar, tambi\u00e9n nos referimos a estas tecnolog\u00edas como &quot;cookies&quot; en esta Pol\u00edtica de cookies.<\/p>\n<h2 class=\"deck\" style=\"text-align: justify;\">\u00bfPor qu\u00e9 utilizamos cookies?<\/h2>\n<p class=\"deck\" style=\"text-align: justify;\">Como la gran mayor\u00eda de proveedores de servicios en l\u00ednea, utilizamos cookies para proporcionar, proteger y mejorar nuestros servicios, incluido recordar sus preferencias, reconocerlo cuando visita nuestro sitio web y personalizar y adaptar nuestra publicidad a sus intereses. Para lograr estos prop\u00f3sitos, tambi\u00e9n podemos vincular la informaci\u00f3n de las cookies a otra informaci\u00f3n personal que tenemos sobre usted.<\/p>\n<p class=\"deck\" style=\"text-align: justify;\">Cuando visita nuestro sitio web, es posible que se instalen en su dispositivo algunos o todos los tipos de cookies que se enumeran a continuaci\u00f3n.<\/p>\n<h2 class=\"deck\" style=\"text-align: justify;\"><strong>Tipo de galleta<\/strong><\/h2>\n<h3 class=\"deck\" style=\"text-align: justify;\">Cookies esenciales del sitio web<\/h3>\n<p class=\"deck\" style=\"text-align: justify;\">Estas cookies son estrictamente necesarias para brindarle los servicios disponibles a trav\u00e9s de nuestro sitio web y para utilizar algunas de sus funciones, como el acceso a \u00e1reas seguras.<\/p>\n<h3 class=\"deck\" style=\"text-align: justify;\">Cookies anal\u00edticas<\/h3>\n<p class=\"deck\" style=\"text-align: justify;\">Estas cookies nos ayudan a comprender c\u00f3mo se utiliza nuestro sitio web, qu\u00e9 tan efectivas son las campa\u00f1as de marketing y tambi\u00e9n nos ayudan a personalizar y mejorar nuestros sitios web para nuestros usuarios.<\/p>\n<h3 class=\"deck\" style=\"text-align: justify;\">Galletas publicitarias<\/h3>\n<p class=\"deck\" style=\"text-align: justify;\">Estas cookies se utilizan para hacer que los mensajes publicitarios sean m\u00e1s relevantes para usted. Realizan funciones tales como evitar que el mismo anuncio aparezca repetidamente, garantizar que los anuncios se presenten correctamente a los anunciantes, seleccionar publicidad en funci\u00f3n de los intereses de los usuarios y medir el n\u00famero y el rendimiento de los anuncios presentados, como el n\u00famero de personas que hicieron clic en un anuncio espec\u00edfico.<\/p>\n<h3 class=\"deck\" style=\"text-align: justify;\">Cookies de redes sociales<\/h3>\n<p class=\"deck\" style=\"text-align: justify;\">Estas cookies se utilizan para permitirle compartir p\u00e1ginas y contenido que le parezcan interesantes en nuestro sitio web a trav\u00e9s de redes sociales de terceros y otros sitios web. Estas cookies tambi\u00e9n pueden utilizarse con fines publicitarios.<\/p>\n<h2 class=\"deck\" style=\"text-align: justify;\"><strong>\u00bfC\u00f3mo se pueden controlar las cookies?<\/strong><\/h2>\n<p class=\"deck\" style=\"text-align: justify;\">Hay varias opciones de gesti\u00f3n de cookies disponibles. Recuerde que los cambios que realice en sus preferencias de cookies pueden hacer que su experiencia de navegaci\u00f3n en el sitio web sea menos satisfactoria. En algunos casos, es posible que ni siquiera puedas utilizar todo o parte de nuestro sitio web.<\/p>\n<h3 class=\"deck\" style=\"text-align: justify;\"><em>Controles del dispositivo y del navegador<\/em><\/h3>\n<p class=\"deck\" style=\"text-align: justify;\">Algunos navegadores web proporcionan configuraciones que le permiten controlar o rechazar las cookies, o que le avisan cuando se instala una cookie en su computadora.<\/p>\n<p class=\"deck\" style=\"text-align: justify;\">El procedimiento para gestionar las cookies es ligeramente diferente para cada navegador web. Puede consultar los pasos espec\u00edficos en el men\u00fa de ayuda de su navegador espec\u00edfico.<\/p>\n<p class=\"deck\" style=\"text-align: justify;\">Tambi\u00e9n puede restablecer los identificadores de dispositivos activando la configuraci\u00f3n adecuada en su dispositivo m\u00f3vil.<\/p>\n<p class=\"deck\" style=\"text-align: justify;\">El procedimiento para gestionar los identificadores de dispositivos es ligeramente diferente para cada dispositivo. Puede consultar los pasos espec\u00edficos en el men\u00fa de ayuda o en la configuraci\u00f3n de su dispositivo espec\u00edfico.<\/p>\n<h3 class=\"deck\" style=\"text-align: justify;\"><em>Herramientas publicitarias basadas en intereses<\/em><\/h3>\n<p class=\"deck\" style=\"text-align: justify;\">Puede optar por no ver publicidad en l\u00ednea basada en intereses de empresas que participan en\u00a0<a href=\"http:\/\/optout.aboutads.info\/?c=2#!\/\" target=\"_blank\" rel=\"noopener noreferrer\">Alianza de publicidad digital<\/a>, desde el\u00a0<a href=\"http:\/\/www.youronlinechoices.eu\/\" target=\"_blank\" rel=\"noopener noreferrer\">Alianza de publicidad digital interactiva<\/a>\u00a0o el\u00a0<a href=\"http:\/\/youradchoices.com\/appchoices\" target=\"_blank\" rel=\"noopener noreferrer\">Opciones de aplicaciones<\/a>\u00a0(solo aplicaciones).<\/p>\n<p class=\"deck\" style=\"text-align: justify;\">Optar por no recibir publicidad no significa que no ver\u00e1 publicidad; Esto significa que no ver\u00e1 publicidad personalizada de empresas que participan en programas de exclusi\u00f3n voluntaria.<\/p>\n<p class=\"deck\" style=\"text-align: justify;\">Adem\u00e1s, si elimina las cookies de su dispositivo despu\u00e9s de optar por no participar, tendr\u00e1 que volver a hacerlo.<\/p>\n<h3 class=\"deck\" style=\"text-align: justify;\">galletas sociales<\/h3>\n<p class=\"deck\" style=\"text-align: justify;\">Para permitirle compartir contenido en las redes sociales, algunas funciones de este sitio utilizan complementos de redes sociales (por ejemplo, los botones \u201cCompartir en Twitter\u201d de Twitter\u2122 o \u201cUnirse\u201d de LinkedIn\u2122).<\/p>\n<p class=\"deck\" style=\"text-align: justify;\">Dependiendo de la configuraci\u00f3n de sus cuentas de redes sociales, recibimos autom\u00e1ticamente informaci\u00f3n de la plataforma de redes sociales cuando utiliza el bot\u00f3n correspondiente en nuestro sitio web.<\/p>\n<p class=\"deck\" style=\"text-align: justify;\">Para obtener m\u00e1s informaci\u00f3n sobre las cookies de redes sociales, le sugerimos consultar la pol\u00edtica de privacidad y pol\u00edtica de cookies de la plataforma de redes sociales.<\/p>\n<h3 class=\"deck\" style=\"text-align: justify;\">Cookies flash de Adobe Flash Player\u2122<\/h3>\n<p class=\"deck\" style=\"text-align: justify;\">Adobe Flash Player\u2122 es una aplicaci\u00f3n para ver e interactuar con contenido din\u00e1mico utilizando la plataforma Flash. Flash (y aplicaciones similares) utilizan una tecnolog\u00eda similar a las cookies para recordar par\u00e1metros, preferencias y usos de este contenido.<\/p>\n<p class=\"deck\" style=\"text-align: justify;\">Sin embargo, Adobe Flash Player gestiona esta informaci\u00f3n y sus elecciones a trav\u00e9s de una interfaz independiente de la proporcionada por su navegador.<\/p>\n<p class=\"deck\" style=\"text-align: justify;\">Si es muy probable que su terminal muestre contenidos desarrollados utilizando la plataforma Flash, le sugerimos que acceda a sus herramientas de gesti\u00f3n de cookies Flash directamente en el sitio web. <a href=\"https:\/\/www.adobe.com\/\" target=\"_blank\" rel=\"noopener noreferrer\" class=\"broken_link\">https:\/\/www.adobe.com<\/a>.<\/p>\n<h3 class=\"deck\" style=\"text-align: justify;\">Cookies de Google\u2122<\/h3>\n<p class=\"deck\" style=\"text-align: justify;\"><em>Cosas que Google quiere asegurarse de que usted sepa sobre la tecnolog\u00eda de recopilaci\u00f3n de datos de Google<\/em><\/p>\n<p class=\"deck\" style=\"text-align: justify;\"><em>Cookies de la API de mapas de Google\u2122<\/em><\/p>\n<p class=\"deck\" style=\"text-align: justify;\">Algunas caracter\u00edsticas de nuestro sitio web y algunos servicios dependen del uso de cookies de la API de Google\u2122 Maps. Estas cookies se almacenar\u00e1n en su dispositivo.<\/p>\n<p class=\"deck\" style=\"text-align: justify;\">Al navegar por este sitio web y utilizar servicios que se basan en las cookies de la API de Google\u2122 Maps, usted acepta el almacenamiento y la recopilaci\u00f3n de estas cookies en su dispositivo y el acceso, el uso y el intercambio de los datos recopilados por parte de Google.<\/p>\n<p class=\"deck\" style=\"text-align: justify;\">Google\u2122 gestiona la informaci\u00f3n y sus opciones con respecto a las cookies de la API de Google\u2122 Maps a trav\u00e9s de una &quot;interfaz&quot; independiente de la proporcionada por su navegador. Para m\u00e1s informaci\u00f3n, ver <a href=\"https:\/\/www.google.com\/policies\/technologies\/cookies\/\" target=\"_blank\" rel=\"noopener noreferrer\">https:\/\/www.google.com\/policies\/technologies\/cookies\/<\/a>.<\/p>\n<h2 class=\"deck\" style=\"text-align: justify;\"><em>Google analitico<\/em><\/h2>\n<p class=\"deck\" style=\"text-align: justify;\">Utilizamos Google Analytics, un servicio de Google que utiliza cookies y otras tecnolog\u00edas de recopilaci\u00f3n de datos para recopilar informaci\u00f3n sobre su uso del sitio web y los servicios para comunicar tendencias del sitio web.<\/p>\n<p class=\"deck\" style=\"text-align: justify;\">Puede optar por no utilizar Google Analytics visitando el sitio web\u00a0<a href=\"http:\/\/www.google.com\/settings\/ads\" target=\"_blank\" rel=\"noopener noreferrer\">www.google.com\/settings\/ads<\/a>\u00a0o descargando el complemento de exclusi\u00f3n voluntaria de Google Analytics en\u00a0<a href=\"https:\/\/tools.google.com\/dlpage\/gaoptout\" target=\"_blank\" rel=\"noopener noreferrer\">https:\/\/tools.google.com\/dlpage\/gaoptout<\/a>.<\/p>","protected":false},"excerpt":{"rendered":"<p>Introducci\u00f3n Estamos comprometidos a proteger su privacidad. Nuestro objetivo es brindar servicios y productos confiables y l\u00edderes en la industria para que usted pueda concentrarse en crear relaciones significativas. Nuestro enfoque en materia de privacidad es brindarle informaci\u00f3n clara sobre nuestras pr\u00e1cticas de datos. Fue por esta raz\u00f3n que intentamos mantener\u2026 <a title=\"Pol\u00edtica de cookies\" class=\"read-more\" href=\"https:\/\/vtks.com.br\/es\/politica-de-cookies\/\" aria-label=\"Leer m\u00e1s sobre Pol\u00edtica de Cookies\">Leer m\u00e1s<\/a><\/p>","protected":false},"author":2,"featured_media":0,"parent":0,"menu_order":0,"comment_status":"closed","ping_status":"closed","template":"","meta":{"rank_math_lock_modified_date":false,"footnotes":""},"class_list":["post-5642","page","type-page","status-publish"],"_links":{"self":[{"href":"https:\/\/vtks.com.br\/es\/wp-json\/wp\/v2\/pages\/5642","targetHints":{"allow":["GET"]}}],"collection":[{"href":"https:\/\/vtks.com.br\/es\/wp-json\/wp\/v2\/pages"}],"about":[{"href":"https:\/\/vtks.com.br\/es\/wp-json\/wp\/v2\/types\/page"}],"author":[{"embeddable":true,"href":"https:\/\/vtks.com.br\/es\/wp-json\/wp\/v2\/users\/2"}],"replies":[{"embeddable":true,"href":"https:\/\/vtks.com.br\/es\/wp-json\/wp\/v2\/comments?post=5642"}],"version-history":[{"count":0,"href":"https:\/\/vtks.com.br\/es\/wp-json\/wp\/v2\/pages\/5642\/revisions"}],"wp:attachment":[{"href":"https:\/\/vtks.com.br\/es\/wp-json\/wp\/v2\/media?parent=5642"}],"curies":[{"name":"wp","href":"https:\/\/api.w.org\/{rel}","templated":true}]}}