{"id":108,"date":"2021-06-09T23:34:24","date_gmt":"2021-06-10T02:34:24","guid":{"rendered":"https:\/\/listadedicas.com\/?page_id=15"},"modified":"2021-06-09T23:34:24","modified_gmt":"2021-06-10T02:34:24","slug":"termos-de-uso","status":"publish","type":"page","link":"https:\/\/vtks.com.br\/es\/termos-de-uso\/","title":{"rendered":"Terminos de uso"},"content":{"rendered":"<p>1. T\u00e9rminos de uso Al acceder al sitio, usted acepta estar sujeto a estos t\u00e9rminos de servicio, todas las leyes y regulaciones aplicables, y acepta que es responsable del cumplimiento de las leyes locales aplicables.<\/p>\n<p>Si no est\u00e1 de acuerdo con alguno de estos t\u00e9rminos, tiene prohibido usar o acceder a este sitio.<\/p>\n<p>Los materiales contenidos en este sitio est\u00e1n protegidos por las leyes de derechos de autor y marcas comerciales aplicables.<\/p>\n<p>2. Licencia de uso Se otorga permiso para descargar temporalmente una copia de los materiales (informaci\u00f3n o \u201csoftware\u201d) en el sitio para visualizaci\u00f3n transitoria personal y no comercial \u00fanicamente.<\/p>\n<p>Esta es la concesi\u00f3n de una licencia, no una transferencia de t\u00edtulo, y bajo esta licencia usted no puede: modificar o copiar los materiales; utilizar los materiales para cualquier fin comercial o para exhibici\u00f3n p\u00fablica (comercial o no comercial); intentar descompilar o aplicar ingenier\u00eda inversa a cualquier software contenido en el Sitio; eliminar cualquier copyright u otras anotaciones de propiedad de los materiales; o transferir los materiales a otra persona o &quot;reflejar&quot; los materiales en cualquier otro servidor.<\/p>\n<p>Esta licencia finalizar\u00e1 autom\u00e1ticamente si usted viola cualquiera de estas restricciones y el Sitio podr\u00e1 cancelarla en cualquier momento. Al finalizar la visualizaci\u00f3n de estos materiales o al finalizar esta licencia, debe eliminar cualquier material descargado que tenga en su poder, ya sea en formato electr\u00f3nico o impreso.<\/p>\n<p>3. Descargo de responsabilidad Los materiales del sitio se proporcionan &quot;tal cual&quot;. Nuestro sitio web no ofrece garant\u00edas, expresas o impl\u00edcitas, y por la presente renuncia y niega todas las dem\u00e1s garant\u00edas, incluidas, entre otras, garant\u00edas impl\u00edcitas o condiciones de comerciabilidad, idoneidad para un prop\u00f3sito particular o no infracci\u00f3n de propiedad intelectual u otra violaci\u00f3n de derechos.<\/p>\n<p>Adem\u00e1s, Portal no garantiza ni hace ninguna declaraci\u00f3n con respecto a la precisi\u00f3n, los resultados probables o la confiabilidad del uso de los materiales en su sitio web o de otro modo en relaci\u00f3n con dichos materiales o en cualquier sitio vinculado a este sitio.<\/p>\n<p>4. Limitaciones En ning\u00fan caso el sitio o sus proveedores ser\u00e1n responsables de los da\u00f1os (incluidos, entre otros, da\u00f1os por p\u00e9rdida de datos o ganancias, o debido a la interrupci\u00f3n del negocio) que surjan del uso o la imposibilidad de usar los materiales en el Portal. , incluso si el sitio web o un representante autorizado de Portal han sido notificados oralmente o por escrito de la posibilidad de tales da\u00f1os.<\/p>\n<p>Debido a que algunas jurisdicciones no permiten limitaciones a las garant\u00edas impl\u00edcitas o limitaciones de responsabilidad por da\u00f1os consecuentes o incidentales, es posible que estas limitaciones no se apliquen a usted. 5. Exactitud de los materiales Los materiales que aparecen en el sitio web podr\u00edan incluir errores t\u00e9cnicos, tipogr\u00e1ficos o fotogr\u00e1ficos. El sitio web no garantiza que ning\u00fan material en su sitio web sea exacto, completo o actual.<\/p>\n<p>Podemos realizar cambios en los materiales contenidos en su sitio web en cualquier momento sin previo aviso. Sin embargo, no asumimos ning\u00fan compromiso de actualizar los materiales.<\/p>\n<p>6. Site Links no ha revisado todos los sitios vinculados a su sitio web y no es responsable del contenido de ning\u00fan sitio vinculado. La inclusi\u00f3n de cualquier enlace no implica aprobaci\u00f3n por parte de nuestro sitio. El uso de cualquier sitio vinculado es bajo el propio riesgo del usuario.<\/p>\n<p>Las modificaciones al Portal pueden revisar los t\u00e9rminos de servicio de estos sitios web en cualquier momento sin previo aviso. Al utilizar este sitio web, usted acepta estar sujeto a la versi\u00f3n actual de estos t\u00e9rminos de servicio.<\/p>\n<p>Ley aplicable Estos t\u00e9rminos y condiciones se rigen e interpretan de acuerdo con las leyes del sitio web y usted se somete irrevocablemente a la jurisdicci\u00f3n exclusiva de los tribunales de ese estado o ubicaci\u00f3n.<\/p>","protected":false},"excerpt":{"rendered":"<p>1. Termos de Uso Ao acessar ao site, concorda em cumprir estes termos de servi\u00e7o, todas as leis e regulamentos aplic\u00e1veis \u200b\u200be concorda ser respons\u00e1vel pelo cumprimento de todas as leis locais aplic\u00e1veis. Se voc\u00ea n\u00e3o concordar com algum desses termos, est\u00e1 proibido de usar ou acessar este site. Os materiais contidos neste site s\u00e3o &#8230; <a title=\"Terminos de uso\" class=\"read-more\" href=\"https:\/\/vtks.com.br\/es\/termos-de-uso\/\" aria-label=\"Leer m\u00e1s sobre Termos de Uso\">Leer m\u00e1s<\/a><\/p>","protected":false},"author":2,"featured_media":0,"parent":0,"menu_order":0,"comment_status":"closed","ping_status":"closed","template":"","meta":{"rank_math_lock_modified_date":false,"footnotes":""},"class_list":["post-108","page","type-page","status-publish"],"_links":{"self":[{"href":"https:\/\/vtks.com.br\/es\/wp-json\/wp\/v2\/pages\/108","targetHints":{"allow":["GET"]}}],"collection":[{"href":"https:\/\/vtks.com.br\/es\/wp-json\/wp\/v2\/pages"}],"about":[{"href":"https:\/\/vtks.com.br\/es\/wp-json\/wp\/v2\/types\/page"}],"author":[{"embeddable":true,"href":"https:\/\/vtks.com.br\/es\/wp-json\/wp\/v2\/users\/2"}],"replies":[{"embeddable":true,"href":"https:\/\/vtks.com.br\/es\/wp-json\/wp\/v2\/comments?post=108"}],"version-history":[{"count":0,"href":"https:\/\/vtks.com.br\/es\/wp-json\/wp\/v2\/pages\/108\/revisions"}],"wp:attachment":[{"href":"https:\/\/vtks.com.br\/es\/wp-json\/wp\/v2\/media?parent=108"}],"curies":[{"name":"wp","href":"https:\/\/api.w.org\/{rel}","templated":true}]}}